{"id":9,"date":"2026-04-16T14:39:40","date_gmt":"2026-04-16T14:39:40","guid":{"rendered":"https:\/\/demo2.ebreydesign.fr\/?page_id=9"},"modified":"2026-04-16T15:00:25","modified_gmt":"2026-04-16T15:00:25","slug":"home","status":"publish","type":"page","link":"https:\/\/demo2.ebreydesign.fr\/","title":{"rendered":"Notre histoire"},"content":{"rendered":"\n<p>Situ\u00e9 au c\u0153ur de [Ville], notre caf\u00e9 est un lieu de rencontre et de partage.<\/p>\n\n\n\n<p>Nous proposons une s\u00e9lection de caf\u00e9s de sp\u00e9cialit\u00e9, de p\u00e2tisseries maison et de plats simples pr\u00e9par\u00e9s avec des produits frais.<\/p>\n\n\n\n<p><\/p>\n","protected":false},"excerpt":{"rendered":"<p>Situ\u00e9 au c\u0153ur de [Ville], notre caf\u00e9 est un lieu de rencontre et de partage. Nous proposons une s\u00e9lection de caf\u00e9s de sp\u00e9cialit\u00e9, de p\u00e2tisseries maison et de plats simples pr\u00e9par\u00e9s avec des produits frais.<\/p>\n","protected":false},"author":1,"featured_media":32,"parent":0,"menu_order":0,"comment_status":"closed","ping_status":"closed","template":"","meta":{"footnotes":""},"class_list":["post-9","page","type-page","status-publish","has-post-thumbnail","hentry"],"_links":{"self":[{"href":"https:\/\/demo2.ebreydesign.fr\/index.php?rest_route=\/wp\/v2\/pages\/9","targetHints":{"allow":["GET"]}}],"collection":[{"href":"https:\/\/demo2.ebreydesign.fr\/index.php?rest_route=\/wp\/v2\/pages"}],"about":[{"href":"https:\/\/demo2.ebreydesign.fr\/index.php?rest_route=\/wp\/v2\/types\/page"}],"author":[{"embeddable":true,"href":"https:\/\/demo2.ebreydesign.fr\/index.php?rest_route=\/wp\/v2\/users\/1"}],"replies":[{"embeddable":true,"href":"https:\/\/demo2.ebreydesign.fr\/index.php?rest_route=%2Fwp%2Fv2%2Fcomments&post=9"}],"version-history":[{"count":2,"href":"https:\/\/demo2.ebreydesign.fr\/index.php?rest_route=\/wp\/v2\/pages\/9\/revisions"}],"predecessor-version":[{"id":34,"href":"https:\/\/demo2.ebreydesign.fr\/index.php?rest_route=\/wp\/v2\/pages\/9\/revisions\/34"}],"wp:featuredmedia":[{"embeddable":true,"href":"https:\/\/demo2.ebreydesign.fr\/index.php?rest_route=\/wp\/v2\/media\/32"}],"wp:attachment":[{"href":"https:\/\/demo2.ebreydesign.fr\/index.php?rest_route=%2Fwp%2Fv2%2Fmedia&parent=9"}],"curies":[{"name":"wp","href":"https:\/\/api.w.org\/{rel}","templated":true}]}}